{"id":1039,"date":"2026-03-29T19:04:28","date_gmt":"2026-03-29T18:04:28","guid":{"rendered":"https:\/\/temp.voralpenhonig.at\/?page_id=1039"},"modified":"2026-03-29T19:17:54","modified_gmt":"2026-03-29T18:17:54","slug":"killerbienen-2","status":"publish","type":"page","link":"https:\/\/www.voralpenhonig.at\/en\/killerbienen-2\/","title":{"rendered":"Killerbienen-2"},"content":{"rendered":"<div class=\"wp-block-essential-blocks-text  root-eb-text-s6e8o\"><div class=\"eb-parent-wrapper eb-parent-eb-text-s6e8o\"><div class=\"eb-text-wrapper eb-text-s6e8o\" data-id=\"eb-text-s6e8o\"><p class=\"eb-text\">The switch of the varroa mite from the eastern bee breed Apis Cerana to the European bee Apis Mellifera has caused great difficulties for beekeeping. More than 95% of our old bee material shows no ability to adapt to the new bee parasite.<br>Dieser Zustand ist f\u00fcr unsere europ\u00e4ische Biene gef\u00e4hrlich und unhaltbar. Sie ist trotz bester Bek\u00e4mpfungsmittel vor ihrer Vernichtung noch nicht gerettet. Unsere Biene mu\u00df durch konsequente Selektion und Z\u00fcchtung nach neuesten Erkenntnissen aus dieser Krise herausgef\u00fchrt werden.<\/p><\/div><\/div><\/div>\n\n\n\n<div class=\"wp-block-essential-blocks-text  root-eb-text-tq61z\"><div class=\"eb-parent-wrapper eb-parent-eb-text-tq61z\"><div class=\"eb-text-wrapper eb-text-tq61z\" data-id=\"eb-text-tq61z\"><h3 class=\"eb-text\">THINK - THINK AHEAD - RETHINK<\/h3><\/div><\/div><\/div>\n\n\n\n<div class=\"wp-block-essential-blocks-flex-container eb-flex-container-block root-eb-flex-container-tkioy\"><div class=\"eb-parent-wrapper eb-parent-flex-container eb-parent-eb-flex-container-tkioy\"><div class=\"eb-flex-container eb-flex-container-tkioy\"><div class=\"eb-flex-container-inner\">\n<div class=\"wp-block-essential-blocks-flex-container eb-flex-container-block root-eb-flex-container-tvrey\"><div class=\"eb-parent-wrapper eb-parent-flex-container eb-parent-eb-flex-container-tvrey\"><div class=\"eb-flex-container eb-flex-container-tvrey\"><div class=\"eb-flex-container-inner\">\n<div class=\"wp-block-essential-blocks-flex-container eb-flex-container-block root-eb-flex-container-xfmy4\"><div class=\"eb-parent-wrapper eb-parent-flex-container eb-parent-eb-flex-container-xfmy4\"><div class=\"eb-flex-container eb-flex-container-xfmy4\"><div class=\"eb-flex-container-inner\">\n<div class=\"wp-block-essential-blocks-text  root-eb-text-laqnk\"><div class=\"eb-parent-wrapper eb-parent-eb-text-laqnk\"><div class=\"eb-text-wrapper eb-text-laqnk\" data-id=\"eb-text-laqnk\"><p class=\"eb-text\"><strong>healthy Varroa mite:<\/strong><\/p><\/div><\/div><\/div>\n\n\n\n<figure class=\"wp-block-image size-full has-custom-border\"><img loading=\"lazy\" decoding=\"async\" width=\"300\" height=\"253\" src=\"https:\/\/temp.voralpenhonig.at\/wp-content\/uploads\/2025\/12\/varroa2.gif\" alt=\"\" class=\"wp-image-362\" style=\"border-top-left-radius:10px;border-top-right-radius:10px;border-bottom-left-radius:10px;border-bottom-right-radius:10px\"\/><\/figure>\n<\/div><\/div><\/div><\/div>\n<\/div><\/div><\/div><\/div>\n\n\n\n<div class=\"wp-block-essential-blocks-flex-container eb-flex-container-block root-eb-flex-container-z7qzf\"><div class=\"eb-parent-wrapper eb-parent-flex-container eb-parent-eb-flex-container-z7qzf\"><div class=\"eb-flex-container eb-flex-container-z7qzf\"><div class=\"eb-flex-container-inner\">\n<div class=\"wp-block-essential-blocks-text  root-eb-text-872b1\"><div class=\"eb-parent-wrapper eb-parent-eb-text-872b1\"><div class=\"eb-text-wrapper eb-text-872b1\" data-id=\"eb-text-872b1\"><p class=\"eb-text\">Ventral side of a Varroa mite. Four legs to the left and right of the body. The two front legs, which stick upwards, are formed as antennae. Between the two front legs is the mite's sucking and stinging apparatus.<\/p><\/div><\/div><\/div>\n<\/div><\/div><\/div><\/div>\n<\/div><\/div><\/div><\/div>","protected":false},"excerpt":{"rendered":"","protected":false},"author":1,"featured_media":70,"parent":0,"menu_order":0,"comment_status":"closed","ping_status":"closed","template":"","meta":{"_eb_attr":"","footnotes":""},"class_list":["post-1039","page","type-page","status-publish","has-post-thumbnail","hentry"],"_links":{"self":[{"href":"https:\/\/www.voralpenhonig.at\/en\/wp-json\/wp\/v2\/pages\/1039","targetHints":{"allow":["GET"]}}],"collection":[{"href":"https:\/\/www.voralpenhonig.at\/en\/wp-json\/wp\/v2\/pages"}],"about":[{"href":"https:\/\/www.voralpenhonig.at\/en\/wp-json\/wp\/v2\/types\/page"}],"author":[{"embeddable":true,"href":"https:\/\/www.voralpenhonig.at\/en\/wp-json\/wp\/v2\/users\/1"}],"replies":[{"embeddable":true,"href":"https:\/\/www.voralpenhonig.at\/en\/wp-json\/wp\/v2\/comments?post=1039"}],"version-history":[{"count":7,"href":"https:\/\/www.voralpenhonig.at\/en\/wp-json\/wp\/v2\/pages\/1039\/revisions"}],"predecessor-version":[{"id":1048,"href":"https:\/\/www.voralpenhonig.at\/en\/wp-json\/wp\/v2\/pages\/1039\/revisions\/1048"}],"wp:featuredmedia":[{"embeddable":true,"href":"https:\/\/www.voralpenhonig.at\/en\/wp-json\/wp\/v2\/media\/70"}],"wp:attachment":[{"href":"https:\/\/www.voralpenhonig.at\/en\/wp-json\/wp\/v2\/media?parent=1039"}],"curies":[{"name":"wp","href":"https:\/\/api.w.org\/{rel}","templated":true}]}}