{"id":352,"date":"2025-12-08T09:47:22","date_gmt":"2025-12-08T08:47:22","guid":{"rendered":"https:\/\/temp.voralpenhonig.at\/?page_id=352"},"modified":"2026-04-20T20:33:38","modified_gmt":"2026-04-20T19:33:38","slug":"datenschutzerklaerung","status":"publish","type":"page","link":"https:\/\/www.voralpenhonig.at\/en\/datenschutzerklaerung\/","title":{"rendered":"Datenschutzerkl\u00e4rung"},"content":{"rendered":"<h3 class=\"wp-block-heading\">1. Verantwortlicher<\/h3>\n\n\n\n<p>Verantwortlicher im Sinne der Datenschutz-Grundverordnung (DSGVO) und anderer nationaler Datenschutzgesetze der Mitgliedsstaaten sowie sonstiger datenschutzrechtlicher Bestimmungen ist:<\/p>\n\n\n\n<p><strong>Alois Wallner, Perwart 7, 3263 Randegg<\/strong>, <strong>alois.wallner@voralpenhonig.at<\/strong><\/p>\n\n\n\n<h3 class=\"wp-block-heading\">2. Grundsatz und Umfang der Datenverarbeitung<\/h3>\n\n\n\n<p>Wir betreiben diese Webseite ohne den Einsatz von Analyse-Tools (wie Google Analytics) oder Social-Media-Plugins. Die Verarbeitung personenbezogener Daten unserer Nutzer beschr\u00e4nkt sich auf die Daten, die zur Bereitstellung einer funktionsf\u00e4higen Webseite sowie unserer Inhalte und Leistungen erforderlich sind.<\/p>\n\n\n\n<h3 class=\"wp-block-heading\">3. Verarbeitung von Server-Logfiles<\/h3>\n\n\n\n<p>Bei jedem Zugriff auf unsere Webseite erfasst unser System automatisiert Daten und Informationen vom Computersystem des aufrufenden Rechners.<\/p>\n\n\n\n<div class=\"wp-block-essential-blocks-flex-container eb-flex-container-block root-eb-flex-container-u0f83\"><div class=\"eb-parent-wrapper eb-parent-flex-container eb-parent-eb-flex-container-u0f83\"><div class=\"eb-flex-container eb-flex-container-u0f83\"><div class=\"eb-flex-container-inner\">\n<div class=\"wp-block-essential-blocks-flex-container eb-flex-container-block root-eb-flex-container-1oksd\"><div class=\"eb-parent-wrapper eb-parent-flex-container eb-parent-eb-flex-container-1oksd\"><div class=\"eb-flex-container eb-flex-container-1oksd\"><div class=\"eb-flex-container-inner\">\n<div class=\"wp-block-essential-blocks-text  root-eb-text-cggah\"><div class=\"eb-parent-wrapper eb-parent-eb-text-cggah\"><div class=\"eb-text-wrapper eb-text-cggah\" data-id=\"eb-text-cggah\"><p class=\"eb-text\"><strong>Datenart<\/strong><br><strong>Zugriffsdaten<\/strong><\/p><\/div><\/div><\/div>\n<\/div><\/div><\/div><\/div>\n\n\n\n<div class=\"wp-block-essential-blocks-flex-container eb-flex-container-block root-eb-flex-container-zfhxv\"><div class=\"eb-parent-wrapper eb-parent-flex-container eb-parent-eb-flex-container-zfhxv\"><div class=\"eb-flex-container eb-flex-container-zfhxv\"><div class=\"eb-flex-container-inner\">\n<div class=\"wp-block-essential-blocks-text  root-eb-text-t25p6\"><div class=\"eb-parent-wrapper eb-parent-eb-text-t25p6\"><div class=\"eb-text-wrapper eb-text-t25p6\" data-id=\"eb-text-t25p6\"><p class=\"eb-text\"><strong>Beispiele<\/strong><br>Browsertyp, Betriebssystem, IP-Adresse, Uhrzeit der Serveranfrage, Referrer URL<\/p><\/div><\/div><\/div>\n<\/div><\/div><\/div><\/div>\n\n\n\n<div class=\"wp-block-essential-blocks-flex-container eb-flex-container-block root-eb-flex-container-q0fwk\"><div class=\"eb-parent-wrapper eb-parent-flex-container eb-parent-eb-flex-container-q0fwk\"><div class=\"eb-flex-container eb-flex-container-q0fwk\"><div class=\"eb-flex-container-inner\">\n<div class=\"wp-block-essential-blocks-text  root-eb-text-gvp81\"><div class=\"eb-parent-wrapper eb-parent-eb-text-gvp81\"><div class=\"eb-text-wrapper eb-text-gvp81\" data-id=\"eb-text-gvp81\"><p class=\"eb-text\"><strong>Zweck der Verarbeitung<\/strong><br>Gew\u00e4hrleistung der Funktionsf\u00e4higkeit und Sicherheit der Webseite sowie Fehleranalyse.<\/p><\/div><\/div><\/div>\n<\/div><\/div><\/div><\/div>\n\n\n\n<div class=\"wp-block-essential-blocks-flex-container eb-flex-container-block root-eb-flex-container-yxy3t\"><div class=\"eb-parent-wrapper eb-parent-flex-container eb-parent-eb-flex-container-yxy3t\"><div class=\"eb-flex-container eb-flex-container-yxy3t\"><div class=\"eb-flex-container-inner\">\n<div class=\"wp-block-essential-blocks-text  root-eb-text-sph0l\"><div class=\"eb-parent-wrapper eb-parent-eb-text-sph0l\"><div class=\"eb-text-wrapper eb-text-sph0l\" data-id=\"eb-text-sph0l\"><p class=\"eb-text\"><strong>Rechtsgrundlage<\/strong><br>Art. 6 Abs. 1 lit. f DSGVO (berechtigtes Interesse)<\/p><\/div><\/div><\/div>\n<\/div><\/div><\/div><\/div>\n<\/div><\/div><\/div><\/div>\n\n\n\n<p>Diese Daten werden tempor\u00e4r in den Logfiles unseres Servers gespeichert. Eine Speicherung dieser Daten zusammen mit anderen personenbezogenen Daten des Nutzers findet nicht statt. Eine Auswertung der Daten zu Marketingzwecken findet in diesem Zusammenhang ebenfalls nicht statt.<\/p>\n\n\n\n<h3 class=\"wp-block-heading\">4. Verwendung von Cookies<\/h3>\n\n\n\n<p>Wir verwenden keine Tracking-, Analyse- oder Marketing-Cookies. Zur Gew\u00e4hrleistung der Funktionalit\u00e4t und Sicherheit unserer Webseite k\u00f6nnen technisch notwendige Session-Cookies gesetzt werden.<\/p>\n\n\n\n<ul class=\"wp-block-list\">\n<li><strong>Technisch notwendige Cookies:<\/strong> Diese dienen dazu, die Benutzerfreundlichkeit unserer Website zu verbessern. Sie speichern keine personenbezogenen Informationen und werden in der Regel beim Schlie\u00dfen des Browsers gel\u00f6scht.<\/li>\n<\/ul>\n\n\n\n<h3 class=\"wp-block-heading\">5. Ihre Rechte als betroffene Person<\/h3>\n\n\n\n<p>Werden personenbezogene Daten von Ihnen verarbeitet, sind Sie Betroffener im Sinne der DSGVO und es stehen Ihnen folgende Rechte gegen\u00fcber dem Verantwortlichen zu:<\/p>\n\n\n\n<ul class=\"wp-block-list\">\n<li><strong>Recht auf Auskunft<\/strong> (Art. 15 DSGVO)<\/li>\n\n\n\n<li><strong>Recht auf Berichtigung<\/strong> (Art. 16 DSGVO)<\/li>\n\n\n\n<li><strong>Recht auf L\u00f6schung<\/strong> (Art. 17 DSGVO)<\/li>\n\n\n\n<li><strong>Recht auf Einschr\u00e4nkung der Verarbeitung<\/strong> (Art. 18 DSGVO)<\/li>\n\n\n\n<li><strong>Recht auf Daten\u00fcbertragbarkeit<\/strong> (Art. 20 DSGVO)<\/li>\n\n\n\n<li><strong>Widerspruchsrecht gegen die Verarbeitung<\/strong> (Art. 21 DSGVO)<\/li>\n\n\n\n<li><strong>Beschwerderecht bei einer Aufsichtsbeh\u00f6rde<\/strong> (Art. 77 DSGVO)<\/li>\n<\/ul>","protected":false},"excerpt":{"rendered":"<p>1. Verantwortlicher Verantwortlicher im Sinne der Datenschutz-Grundverordnung (DSGVO) und anderer nationaler Datenschutzgesetze der Mitgliedsstaaten sowie sonstiger datenschutzrechtlicher Bestimmungen ist: Alois Wallner, Perwart 7, 3263 Randegg, alois.wallner@voralpenhonig.at 2. Grundsatz und Umfang der Datenverarbeitung Wir betreiben diese Webseite ohne den Einsatz von Analyse-Tools (wie Google Analytics) oder Social-Media-Plugins. Die Verarbeitung personenbezogener Daten unserer Nutzer beschr\u00e4nkt sich auf [&hellip;]<\/p>\n","protected":false},"author":1,"featured_media":0,"parent":0,"menu_order":0,"comment_status":"closed","ping_status":"closed","template":"page-without-header-image","meta":{"_eb_attr":"","footnotes":""},"class_list":["post-352","page","type-page","status-publish","hentry"],"_links":{"self":[{"href":"https:\/\/www.voralpenhonig.at\/en\/wp-json\/wp\/v2\/pages\/352","targetHints":{"allow":["GET"]}}],"collection":[{"href":"https:\/\/www.voralpenhonig.at\/en\/wp-json\/wp\/v2\/pages"}],"about":[{"href":"https:\/\/www.voralpenhonig.at\/en\/wp-json\/wp\/v2\/types\/page"}],"author":[{"embeddable":true,"href":"https:\/\/www.voralpenhonig.at\/en\/wp-json\/wp\/v2\/users\/1"}],"replies":[{"embeddable":true,"href":"https:\/\/www.voralpenhonig.at\/en\/wp-json\/wp\/v2\/comments?post=352"}],"version-history":[{"count":3,"href":"https:\/\/www.voralpenhonig.at\/en\/wp-json\/wp\/v2\/pages\/352\/revisions"}],"predecessor-version":[{"id":1174,"href":"https:\/\/www.voralpenhonig.at\/en\/wp-json\/wp\/v2\/pages\/352\/revisions\/1174"}],"wp:attachment":[{"href":"https:\/\/www.voralpenhonig.at\/en\/wp-json\/wp\/v2\/media?parent=352"}],"curies":[{"name":"wp","href":"https:\/\/api.w.org\/{rel}","templated":true}]}}