{"id":489,"date":"2026-01-31T10:53:38","date_gmt":"2026-01-31T09:53:38","guid":{"rendered":"https:\/\/temp.voralpenhonig.at\/?page_id=489"},"modified":"2026-01-31T13:13:04","modified_gmt":"2026-01-31T12:13:04","slug":"zuechtung-auf-varroaresistenz","status":"publish","type":"page","link":"https:\/\/www.voralpenhonig.at\/en\/zuechtung-auf-varroaresistenz\/","title":{"rendered":"Natural Varroa defense"},"content":{"rendered":"<h3 class=\"wp-block-heading\">Breeding on natural varroa defense \u2013 was it a utopia<\/h3>\n\n\n\n<p><em>By IM Alois Wallner, 3263 Randegg<br>in the journal BIENENWELT Article of Issue 1 January 2002<\/em><\/p>\n\n\n\n<p><strong>As a professional beekeeper with 700 bee colonies, I have had to deal with the parasite Varroa mite since 1985. I refer to myself as a student of our unfortunately so early deceased teacher Dr. Josef Bretschko. It was not until 1988 as a Dr. Bretschko also recommended other means of demilding as antic acid, I began my independent path of demiling: \u201creadouting and breeding on natural varroa defense.\u201d<\/strong><\/p>\n\n\n\n<p><strong>Residue-free beeswax<\/strong><br>Since I have only ever used formic acid for the annually necessary demiplications, all of my beeswax is detectable residue-free. In my opinion, residue-free beeswax is the basis for an objective and, above all, comparable selection to a measurable natural varroa defense of the individual bee colonies.<\/p>\n\n\n\n<p><strong>Review:<\/strong> In 1990 I published my book \u201cBeekeeping Today\u201d in my own publishing house (the book is out of print). In this book, I first introduced my method of selection to the killing of varroa mites by the bees. I had to accept a lot of criticism from the various scientists. Even for April Fool's jokes, my work was abused. In the meantime, however, the waves have smoothed out.<\/p>\n\n\n\n<p><strong>My reading for the property \u201cKilling varroa mites by the bees\u201d: <\/strong>This measured value is collected by five days in September daily at the peoples provided for here. With a magnifying glass (20 times magnification), the individual mites are examined for injuries (usually injuries to the legs of the mites).<\/p>\n\n\n\n<p><strong>Example:<\/strong> Total mite waste of a people in five days.<\/p>\n\n\n\n<p>Total mite waste: 50 mites<br>of which 25 mites with injuries result in a varroakiller factor of 50 percent.<\/p>\n\n\n\n<p>That is, half of the natural mite waste comes from a killing by the bees, the remaining mites without injuries could reproduce until natural death.<\/p>\n\n\n\n<p>The more mites are killed in relation to the total waste, the more favorable I rate this property!<\/p>\n\n\n\n<p>Through a painstaking selection and breeding, I was able to significantly increase this property in 13 years.<\/p>\n\n\n\n<p><strong>Below are the results in the year-on-year comparison<\/strong><br>Varroakiller factor of breeding peoples from 1990 to 2008<\/p>\n\n\n\n<div class=\"wp-block-group is-layout-flex wp-block-group-is-layout-flex\">\n<figure class=\"wp-block-table alignleft is-style-stripes wp-container-content-b04ba3db\"><table><tbody><tr><td>1990<\/td><td>\u00f8 27 %<\/td><\/tr><tr><td>1993<\/td><td>\u00f8 52 %<\/td><\/tr><tr><td>1995<\/td><td>\u00f8 75 %<\/td><\/tr><tr><td>1996<\/td><td>\u00f8 84 %<\/td><\/tr><tr><td>1997<\/td><td>\u00f8 84 %<\/td><\/tr><tr><td>1998<\/td><td>\u00f8 89 %<\/td><\/tr><tr><td>1999<\/td><td>\u00f8 89 %<\/td><\/tr><tr><td>2000<\/td><td>\u00f8 90 %<\/td><\/tr><tr><td>2001<\/td><td>\u00f8 90 %<\/td><\/tr><tr><td>2002<\/td><td>\u00f8 92 %<\/td><\/tr><tr><td>2003<\/td><td>\u00f8 92 %<\/td><\/tr><tr><td>2004<\/td><td>\u00f8 92 %<\/td><\/tr><tr><td>2005<\/td><td>\u00f8 93 %<\/td><\/tr><tr><td>2006<\/td><td>\u00f8 95 %<\/td><\/tr><tr><td>2007<\/td><td>\u00f8 96 %<\/td><\/tr><tr><td>2008<\/td><td>\u00f8 96 %<\/td><\/tr><\/tbody><\/table><\/figure>\n\n\n\n<figure class=\"wp-block-image size-full about-cols wow fadeInUp\"><img loading=\"lazy\" decoding=\"async\" width=\"758\" height=\"307\" src=\"https:\/\/temp.voralpenhonig.at\/wp-content\/uploads\/2026\/01\/image.png\" alt=\"\" class=\"wp-image-493\" style=\"object-fit:cover\" srcset=\"https:\/\/www.voralpenhonig.at\/wp-content\/uploads\/2026\/01\/image.png 758w, https:\/\/www.voralpenhonig.at\/wp-content\/uploads\/2026\/01\/image-300x122.png 300w\" sizes=\"auto, (max-width: 758px) 100vw, 758px\" \/><figcaption class=\"wp-element-caption\">Aus diesem Ergebnis ist deutlich der gefestigte und verbesserte Wert im T\u00f6ten von Varroamilben durch die Bienen nachweisbar.<\/figcaption><\/figure>\n<\/div>\n\n\n\n<p><strong>How does this altered natural varroa defense affect?<\/strong><br>With an average value of 80% varroakiller factor and more, I can do without the obligatory cutting out of the drone brood, the offshoots do not have to be demited immediately after their formation. I can now also do without the previously absolutely necessary residual mitigation in September. Only in support of the largest varroa pressure, so before the departure of the summer bees, I use twice formic acid. The bees do the residual mitigation themselves. All year round and around the clock, mites are killed by the bees. A demilding in the spring is therefore unnecessary. The Varroa mite has thus lost its terror in my beekeeping. Residue-free bee products, which also comply with the organic standard, can be marketed. With nature and not against it, my motto is.<\/p>\n\n\n\n<p><strong>Made in Austria<\/strong><br>In the meantime, the method of measurability of the property \u201cKilling of varroa mites\u201d developed exclusively by me became part of the breeding guidelines of the German Beekeeping Association.<\/p>\n\n\n\n<p><strong>Summary:<\/strong><br>Reading and breeding on natural Varroa defense is a difficult, decades-long work \u2013 this work cannot be asked of a simple beekeeper. The improvement of the natural Varroa defense has had a very positive effect in my professional beekeeping. Instead of four demitties, as usual in the past, two are enough today. The cutting out of the drone brood for varroa reduction can be completely dispensed with. In the past, I had to demilate the newly formed branches immediately, which has also become unnecessary. I used to have to perform a residual mitigation in September, which is also unnecessary, the bees take the residual mite themselves by killing mites all year round. A demilding in spring is also no longer necessary. The loss of peoples over winter is no higher in recent years than before the varroa invasion. In the previous year, the winter losses were one percent. Breeding for natural varroa defense was not a utopia in my beekeeping.<br><br><strong>A look into the future?<\/strong><br>When could 99% VKF be reached? This could possibly be calculated mathematically. Kindly, a well-known mathematician of our family has agreed to clarify this question.<br>Now the result of his calculation, based on the data from 1990-2006:<br><strong>\u201cBased on the development data since 1990, it is clear that an asymptotic approach to optimal resistance is seen. Time series analytical methods suggest an exponentially subdued growth of this key figure. On the specific data, this results in a reaching of the target value of 99 % varroakiller factor in 2011 (as of the end of 2006).\u2019<strong><br><\/strong><\/strong><\/p>\n\n\n\n<p><strong><strong>The new selection:<br>I first collected measured values about the speed in the interception and killing of varroa mites of the latest breeding combinations in 2009. Whether or how much this new selection will be passed on, the measured values are not available until autumn 2010.<\/strong><\/strong><\/p>","protected":false},"excerpt":{"rendered":"<p>Z\u00fcchtung auf nat\u00fcrliche Varroaabwehr &#8211; war es eine Utopie Von IM Alois Wallner, 3263 Randeggin der Fachzeitschrift BIENENWELT Artikel vom Heft 1 J\u00e4nner 2002 Als Berufsimker mit 700 Bienenv\u00f6lkern muss ich mich seit dem Jahr 1985 mit dem Parasiten Varroamilbe befassen. Ich bezeichne mich als Sch\u00fcler von unserem leider so fr\u00fch verstorbenen Lehrmeister Dr. Josef [&hellip;]<\/p>\n","protected":false},"author":1,"featured_media":488,"parent":0,"menu_order":0,"comment_status":"closed","ping_status":"closed","template":"","meta":{"_eb_attr":"","footnotes":""},"class_list":["post-489","page","type-page","status-publish","has-post-thumbnail","hentry"],"_links":{"self":[{"href":"https:\/\/www.voralpenhonig.at\/en\/wp-json\/wp\/v2\/pages\/489","targetHints":{"allow":["GET"]}}],"collection":[{"href":"https:\/\/www.voralpenhonig.at\/en\/wp-json\/wp\/v2\/pages"}],"about":[{"href":"https:\/\/www.voralpenhonig.at\/en\/wp-json\/wp\/v2\/types\/page"}],"author":[{"embeddable":true,"href":"https:\/\/www.voralpenhonig.at\/en\/wp-json\/wp\/v2\/users\/1"}],"replies":[{"embeddable":true,"href":"https:\/\/www.voralpenhonig.at\/en\/wp-json\/wp\/v2\/comments?post=489"}],"version-history":[{"count":20,"href":"https:\/\/www.voralpenhonig.at\/en\/wp-json\/wp\/v2\/pages\/489\/revisions"}],"predecessor-version":[{"id":538,"href":"https:\/\/www.voralpenhonig.at\/en\/wp-json\/wp\/v2\/pages\/489\/revisions\/538"}],"wp:featuredmedia":[{"embeddable":true,"href":"https:\/\/www.voralpenhonig.at\/en\/wp-json\/wp\/v2\/media\/488"}],"wp:attachment":[{"href":"https:\/\/www.voralpenhonig.at\/en\/wp-json\/wp\/v2\/media?parent=489"}],"curies":[{"name":"wp","href":"https:\/\/api.w.org\/{rel}","templated":true}]}}