{"id":551,"date":"2026-01-31T13:54:34","date_gmt":"2026-01-31T12:54:34","guid":{"rendered":"https:\/\/temp.voralpenhonig.at\/?page_id=551"},"modified":"2026-01-31T14:47:35","modified_gmt":"2026-01-31T13:47:35","slug":"varroaresistente-koerung-im-jahr-2023","status":"publish","type":"page","link":"https:\/\/www.voralpenhonig.at\/en\/varroaresistente-koerung-im-jahr-2023\/","title":{"rendered":"Varroa-resistant licensing in 2023"},"content":{"rendered":"<h3 class=\"wp-block-heading\"><strong>Varroa-resistant licensing in 2023<\/strong><\/h3>\n\n\n\n<p>In the bee year 2022, we created over 100 young peoples in our organic beekeeping company. The breeding peoples for the queens in the young peoples were able to prove a VRI reading of \u00d8 16.6. These newly formed young peoples were distributed on our outsides.<br>This year, in the bee year 2023, these young peoples were in special observation on gentleness, honey performance, vitality, etc. However, no observation was made on varroa resistance. Of the 100 young peoples, I have read out 15 peoples in the direction mentioned. These peoples were brought to the home stand after the honey harvest, where the resistance liquor was carried out.<br>For 2 peoples with the note \u201cSuper Bee\u201d I determined the Varroa killer factor before the demiting. In both peoples this was 100%, that is, all mites from the daily mite waste had been killed by the bees. The cause of death of the mites was severed legs and a severed mite lancing apparatus.<br>3 days before the de-milling of the test peoples, the \u00d8 daily. Mite waste is investigating. The demilding with AS was carried out again as already described.<\/p>\n\n\n\n<h4 class=\"wp-block-heading\"><strong>The results of resistance licensing 2023<\/strong><\/h4>\n\n\n\n<p>All 15 peoples together were able to detect a VRI measured value of \u00d8 9.1. The bandwidth of the measured values ranged from 4.3 to 16.1.<br>10 V\u00f6lker dieser Testgruppe befanden sich in Klasse 1, also in der Gruppe mit den Me\u00dfwerten von 1-10.<\/p>\n\n\n\n<div class=\"wp-block-essential-blocks-advanced-image  root-eb-advanced-image-nvyv6\"><div class=\"eb-parent-wrapper eb-parent-eb-advanced-image-nvyv6 eb_animation eb___animated eb___fadeIn\"><figure class=\"eb-advanced-image-wrapper eb-advanced-image-nvyv6 no-effect\" data-id=\"eb-advanced-image-nvyv6\"><div class=\"eb-image-wrapper\"><div class=\"eb-image-wrapper-inner eb-img-style-rounded\"><img decoding=\"async\" src=\"http:\/\/temp.voralpenhonig.at\/wp-content\/uploads\/2026\/01\/imker_bienenstock2.png\" alt=\"\"\/><\/div><\/div><\/figure><\/div><\/div>\n\n\n\n<p class=\"has-text-align-center has-heading-color has-text-color has-link-color has-extra-small-font-size wp-elements-328cc1ac82168f5a4e30528c54ea7c63\"><em>Photo: A look into the young peoples of the new breed in 2023.<\/em><\/p>\n\n\n\n<h4 class=\"wp-block-heading\"><strong>A review of the selection work since 2017<\/strong><\/h4>\n\n\n\n<p>The results of the measured values in the individual years:<\/p>\n\n\n\n<div class=\"wp-block-essential-blocks-advanced-image alignwide  root-eb-advanced-image-4jecg\"><div class=\"eb-parent-wrapper eb-parent-eb-advanced-image-4jecg\"><figure class=\"eb-advanced-image-wrapper eb-advanced-image-4jecg no-effect\" data-id=\"eb-advanced-image-4jecg\"><div class=\"eb-image-wrapper\"><div class=\"eb-image-wrapper-inner eb-img-style-square\"><img decoding=\"async\" src=\"https:\/\/temp.voralpenhonig.at\/wp-content\/uploads\/2026\/01\/image-2.png\" alt=\"\"\/><\/div><\/div><\/figure><\/div><\/div>\n\n\n\n<p><em>The breeding progress is measurably documented.<\/em><\/p>\n\n\n\n<p>For the first time, therefore, in the bee year 2024, I can only multiply from breeding peoples who are in class 1, i.e. in the index scale of 1-10.<\/p>\n\n\n\n<p>The new breeding goal is now a stabilization of the breeding peoples in class 1. Any improvement in the scale 1 index always means a certain improvement in varroa resistance in our breeding peoples.<\/p>","protected":false},"excerpt":{"rendered":"<p>Die Varroaresistente K\u00f6rung im Jahr 2023 Im Bienenjahr 2022 haben wir in unserer BIO-Imkerei \u00fcber 100 Jungv\u00f6lker erstellt. Die Zuchtv\u00f6lker f\u00fcr die K\u00f6niginnen in den Jungv\u00f6lkern konnten einen VRI Me\u00dfwert von \u00d8 16,6 nachweisen. Diese neugebildeten Jungv\u00f6lker wurden auf unseren Au\u00dfenst\u00e4nden verteilt.Heuer, also im Bienenjahr 2023 standen diese Jungv\u00f6lker in besonderer Beobachtung auf Sanftmut, Honigleistung, [&hellip;]<\/p>\n","protected":false},"author":1,"featured_media":72,"parent":0,"menu_order":0,"comment_status":"closed","ping_status":"closed","template":"","meta":{"_eb_attr":"","footnotes":""},"class_list":["post-551","page","type-page","status-publish","has-post-thumbnail","hentry"],"_links":{"self":[{"href":"https:\/\/www.voralpenhonig.at\/en\/wp-json\/wp\/v2\/pages\/551","targetHints":{"allow":["GET"]}}],"collection":[{"href":"https:\/\/www.voralpenhonig.at\/en\/wp-json\/wp\/v2\/pages"}],"about":[{"href":"https:\/\/www.voralpenhonig.at\/en\/wp-json\/wp\/v2\/types\/page"}],"author":[{"embeddable":true,"href":"https:\/\/www.voralpenhonig.at\/en\/wp-json\/wp\/v2\/users\/1"}],"replies":[{"embeddable":true,"href":"https:\/\/www.voralpenhonig.at\/en\/wp-json\/wp\/v2\/comments?post=551"}],"version-history":[{"count":11,"href":"https:\/\/www.voralpenhonig.at\/en\/wp-json\/wp\/v2\/pages\/551\/revisions"}],"predecessor-version":[{"id":568,"href":"https:\/\/www.voralpenhonig.at\/en\/wp-json\/wp\/v2\/pages\/551\/revisions\/568"}],"wp:featuredmedia":[{"embeddable":true,"href":"https:\/\/www.voralpenhonig.at\/en\/wp-json\/wp\/v2\/media\/72"}],"wp:attachment":[{"href":"https:\/\/www.voralpenhonig.at\/en\/wp-json\/wp\/v2\/media?parent=551"}],"curies":[{"name":"wp","href":"https:\/\/api.w.org\/{rel}","templated":true}]}}