{"id":661,"date":"2026-02-01T09:42:29","date_gmt":"2026-02-01T08:42:29","guid":{"rendered":"https:\/\/temp.voralpenhonig.at\/?page_id=661"},"modified":"2026-02-01T10:08:14","modified_gmt":"2026-02-01T09:08:14","slug":"neue-selektion-zuchtvoelker-2023","status":"publish","type":"page","link":"https:\/\/www.voralpenhonig.at\/en\/neue-selektion-zuchtvoelker-2023\/","title":{"rendered":"New selection of breeding colonies 2023"},"content":{"rendered":"<h3 class=\"wp-block-heading\"><strong>The bee year 2022<\/strong><\/h3>\n\n\n\n<p>The 2022 beekeeping year was a very good honey year. However, the nectar flow ended by mid-June. From a work perspective, it was therefore very convenient to again select the young colonies from 2021 for varroa resistance. I had prepared 30 colonies for selection. The selection process was carried out exactly as described in previous posts.<\/p>\n\n\n\n<p><strong>The result of the selection:<\/strong><\/p>\n\n\n\n<p>Of the 30 test colonies, 15 made it to the shortlist. This group demonstrated an average Varroa resistance index of 12 points. I was particularly surprised that almost 50% of the colonies achieved this very good index. The range of scores varied from 7.7 to 15.33 points.<\/p>\n\n\n\n<p><strong>I would like to show a group of siblings the measured values:<\/strong><\/p>\n\n\n\n<div class=\"wp-block-essential-blocks-advanced-image  root-eb-advanced-image-f3u2c\"><div class=\"eb-parent-wrapper eb-parent-eb-advanced-image-f3u2c\"><figure class=\"eb-advanced-image-wrapper eb-advanced-image-f3u2c no-effect\" data-id=\"eb-advanced-image-f3u2c\"><div class=\"eb-image-wrapper\"><div class=\"eb-image-wrapper-inner eb-img-style-square\"><img decoding=\"async\" src=\"http:\/\/temp.voralpenhonig.at\/wp-content\/uploads\/2026\/02\/image.png\" alt=\"\"\/><\/div><\/div><\/figure><\/div><\/div>\n\n\n\n<p><strong>My evaluation<\/strong><\/p>\n\n\n\n<p>The \u00d8 daily mite waste before demiting with \u00d8 58 mites is relatively high. The high mite waste comes from the fact that almost all mites were killed by the bees. The decisive factor in the evaluation is that the daily mite waste and the actual infestation after the AS treatment are already relatively close, documented in the VRI with 13.18 points.<\/p>\n\n\n\n<p><\/p>\n\n\n\n<p><strong>A review of the selection work since 2017<\/strong><\/p>\n\n\n\n<p>The results of the measured values in the individual years:<\/p>\n\n\n\n<div class=\"wp-block-essential-blocks-advanced-image  root-eb-advanced-image-krsnr\"><div class=\"eb-parent-wrapper eb-parent-eb-advanced-image-krsnr\"><figure class=\"eb-advanced-image-wrapper eb-advanced-image-krsnr no-effect\" data-id=\"eb-advanced-image-krsnr\"><div class=\"eb-image-wrapper\"><div class=\"eb-image-wrapper-inner eb-img-style-square\"><img decoding=\"async\" src=\"http:\/\/temp.voralpenhonig.at\/wp-content\/uploads\/2026\/02\/image-1.png\" alt=\"\"\/><\/div><\/div><\/figure><\/div><\/div>\n\n\n\n<p><strong>My next breeding goal:<\/strong><\/p>\n\n\n\n<p>For the first time, therefore, in the bee year 2024, I can only multiply from breeding peoples who are in class 1, i.e. in the index scale of 1-10.<\/p>\n\n\n\n<p>The new breeding goal is now a stabilization of the breeding peoples in class 1. Any improvement in the scale 1 index always means a certain improvement in varroa resistance in our breeding peoples.<\/p>","protected":false},"excerpt":{"rendered":"<p>Das Bienenjahr 2022 Das Bienenjahr 2022 war ein sehr gutes Honigjahr. Allerdings war die Tracht schon Mitte Juni zu Ende. Arbeitsm\u00e4\u00dfig war es daher sehr g\u00fcnstig wieder eine Selektion der Jungv\u00f6lker aus dem Jahr 2021 auf Varroaresistenz durchzuf\u00fchren. 30 V\u00f6lker hatte ich f\u00fcr die Selektion vorbereitet. Der Ablauf der Selektion wurde wieder genau so durchgef\u00fchrt [&hellip;]<\/p>\n","protected":false},"author":1,"featured_media":487,"parent":0,"menu_order":0,"comment_status":"closed","ping_status":"closed","template":"","meta":{"_eb_attr":"","footnotes":""},"class_list":["post-661","page","type-page","status-publish","has-post-thumbnail","hentry"],"_links":{"self":[{"href":"https:\/\/www.voralpenhonig.at\/en\/wp-json\/wp\/v2\/pages\/661","targetHints":{"allow":["GET"]}}],"collection":[{"href":"https:\/\/www.voralpenhonig.at\/en\/wp-json\/wp\/v2\/pages"}],"about":[{"href":"https:\/\/www.voralpenhonig.at\/en\/wp-json\/wp\/v2\/types\/page"}],"author":[{"embeddable":true,"href":"https:\/\/www.voralpenhonig.at\/en\/wp-json\/wp\/v2\/users\/1"}],"replies":[{"embeddable":true,"href":"https:\/\/www.voralpenhonig.at\/en\/wp-json\/wp\/v2\/comments?post=661"}],"version-history":[{"count":5,"href":"https:\/\/www.voralpenhonig.at\/en\/wp-json\/wp\/v2\/pages\/661\/revisions"}],"predecessor-version":[{"id":674,"href":"https:\/\/www.voralpenhonig.at\/en\/wp-json\/wp\/v2\/pages\/661\/revisions\/674"}],"wp:featuredmedia":[{"embeddable":true,"href":"https:\/\/www.voralpenhonig.at\/en\/wp-json\/wp\/v2\/media\/487"}],"wp:attachment":[{"href":"https:\/\/www.voralpenhonig.at\/en\/wp-json\/wp\/v2\/media?parent=661"}],"curies":[{"name":"wp","href":"https:\/\/api.w.org\/{rel}","templated":true}]}}