{"id":773,"date":"2026-02-01T13:55:11","date_gmt":"2026-02-01T12:55:11","guid":{"rendered":"https:\/\/temp.voralpenhonig.at\/?page_id=773"},"modified":"2026-04-11T11:36:42","modified_gmt":"2026-04-11T10:36:42","slug":"propolistropfen","status":"publish","type":"page","link":"https:\/\/www.voralpenhonig.at\/en\/propolistropfen\/","title":{"rendered":"Propolis drops"},"content":{"rendered":"<div class=\"wp-block-essential-blocks-flex-container eb-flex-container-block root-eb-flex-container-v7h5n\"><div class=\"eb-parent-wrapper eb-parent-flex-container eb-parent-eb-flex-container-v7h5n\"><div class=\"eb-flex-container eb-flex-container-v7h5n\"><div class=\"eb-flex-container-inner\">\n<figure class=\"wp-block-image size-large is-resized\"><img loading=\"lazy\" decoding=\"async\" width=\"802\" height=\"1024\" src=\"http:\/\/temp.voralpenhonig.at\/wp-content\/uploads\/2025\/12\/propolis-1-802x1024.png\" alt=\"\" class=\"wp-image-452\" style=\"width:300px\" srcset=\"https:\/\/www.voralpenhonig.at\/wp-content\/uploads\/2025\/12\/propolis-1-802x1024.png 802w, https:\/\/www.voralpenhonig.at\/wp-content\/uploads\/2025\/12\/propolis-1-235x300.png 235w, https:\/\/www.voralpenhonig.at\/wp-content\/uploads\/2025\/12\/propolis-1-768x980.png 768w, https:\/\/www.voralpenhonig.at\/wp-content\/uploads\/2025\/12\/propolis-1-1204x1536.png 1204w, https:\/\/www.voralpenhonig.at\/wp-content\/uploads\/2025\/12\/propolis-1-1605x2048.png 1605w, https:\/\/www.voralpenhonig.at\/wp-content\/uploads\/2025\/12\/propolis-1.png 1796w\" sizes=\"auto, (max-width: 802px) 100vw, 802px\" \/><\/figure>\n<\/div><\/div><\/div><\/div>\n\n\n\n<h3 class=\"wp-block-heading\" style=\"margin-right:var(--wp--preset--spacing--30);margin-left:var(--wp--preset--spacing--30)\"><strong>Propolis drops \u2013 width effect<\/strong><\/h3>\n\n\n\n<p style=\"margin-right:var(--wp--preset--spacing--30);margin-left:var(--wp--preset--spacing--30)\"><strong>Briefly summarized for daily use<\/strong><br>(by herb pastor H.-J.Weidinger, source: Kronenzeitung)<br><br><strong>Bee putty resin or propolis:<\/strong><br>A wax-like, balsamic, sticky substance that bees enter and convert. It has antibiotic effects.<br><br><strong>The use of propolis drops is simple:<\/strong><br>They are given on 1 teaspoon of real honey or drip in warm herbal tea or water.<br><br><strong>For feverish inflammatory diseases:<\/strong><br>Administer 10 drops 3 times a day.<br><br><strong>Before the woman's climate climacter:<\/strong><br>Already 1 year before the expected transition, 20 to 30 drops a day 1 time a day.<br><br><strong>For prostate inflammation:<\/strong><br>1 time a day 20 drops.<br><br><strong>For kidney and liver inflammation:<\/strong><br>2 times a day 30 in 1\/8 l of water. Every 2. Suspend day. Perform to effect.<\/p>\n\n\n\n<p style=\"margin-right:var(--wp--preset--spacing--30);margin-left:var(--wp--preset--spacing--30)\"><strong>If you are plagued by angina or catarrh:<\/strong><br>As well as with sore throats, you drink 30 drops daily in 1\/4 l of warm water and gargle daily with such solution.<br><br><strong>Gastrointestinal ulcer:<\/strong><br>In 1\/8 l of warm milk drink 30 propolis drops sober.<br><br><strong>For corns or cornea:<\/strong><br>If you put on a cotton ball dipped in the drops. Repeat several times. Place propolis ointment during the day.<br><br><strong>Foot fungus between the toes:<\/strong><br>The infested areas dab with propolis drops.<br><br><strong>For toothache:<\/strong><br>Dip a small cotton ball into the drops and apply to the aching tooth.<br><br><strong>For all poorly healing wounds:<\/strong><br>Propolis drops or the ointment are good.<br><br><strong>In case of burns:<\/strong><br>This is where propolis ointment is imposed.<br><br><strong>Good effect after a bigger celebration:<\/strong><br> If you have a heavy head, take 1\/8 l of water with 40 drops of tincture.<br><br><strong>Attention:<\/strong><br>In people who are allergic to propolis, taking propolis drops must be avoided.<\/p>","protected":false},"excerpt":{"rendered":"<p>Propolistropfen &#8211; Breitenwirkung F\u00fcr den t\u00e4glichen Gebrauch kurz zusammengefasst(von Kr\u00e4uterpfarrer H.-J.Weidinger, Quelle: Kronenzeitung) Bienenkittharz oder Propolis:Ein wachs\u00e4hnlicher, balsamischer, klebriger Stoff, den Bienen eintragen und umwandeln. Er weist antibiotische Wirkungen auf. Einfach ist die Anwendung von Propolistropfen:Man gibt sie auf 1 Teel\u00f6fferl echten Bienenhonig oder tropft sie in warmen Kr\u00e4utertee oder Wasser. Bei fieberhaften Entz\u00fcndungskrankheiten:3-mal t\u00e4glich [&hellip;]<\/p>\n","protected":false},"author":1,"featured_media":75,"parent":0,"menu_order":0,"comment_status":"closed","ping_status":"closed","template":"","meta":{"_eb_attr":"","footnotes":""},"class_list":["post-773","page","type-page","status-publish","has-post-thumbnail","hentry"],"_links":{"self":[{"href":"https:\/\/www.voralpenhonig.at\/en\/wp-json\/wp\/v2\/pages\/773","targetHints":{"allow":["GET"]}}],"collection":[{"href":"https:\/\/www.voralpenhonig.at\/en\/wp-json\/wp\/v2\/pages"}],"about":[{"href":"https:\/\/www.voralpenhonig.at\/en\/wp-json\/wp\/v2\/types\/page"}],"author":[{"embeddable":true,"href":"https:\/\/www.voralpenhonig.at\/en\/wp-json\/wp\/v2\/users\/1"}],"replies":[{"embeddable":true,"href":"https:\/\/www.voralpenhonig.at\/en\/wp-json\/wp\/v2\/comments?post=773"}],"version-history":[{"count":7,"href":"https:\/\/www.voralpenhonig.at\/en\/wp-json\/wp\/v2\/pages\/773\/revisions"}],"predecessor-version":[{"id":1157,"href":"https:\/\/www.voralpenhonig.at\/en\/wp-json\/wp\/v2\/pages\/773\/revisions\/1157"}],"wp:featuredmedia":[{"embeddable":true,"href":"https:\/\/www.voralpenhonig.at\/en\/wp-json\/wp\/v2\/media\/75"}],"wp:attachment":[{"href":"https:\/\/www.voralpenhonig.at\/en\/wp-json\/wp\/v2\/media?parent=773"}],"curies":[{"name":"wp","href":"https:\/\/api.w.org\/{rel}","templated":true}]}}